{"id":779,"date":"2021-06-08T20:06:23","date_gmt":"2021-06-08T18:06:23","guid":{"rendered":"https:\/\/www.jl-store.de\/?page_id=779"},"modified":"2021-06-08T20:09:33","modified_gmt":"2021-06-08T18:09:33","slug":"pruefen-2","status":"publish","type":"page","link":"https:\/\/www.jl-store.de\/?page_id=779","title":{"rendered":"Pruefen"},"content":{"rendered":"<p>[et_pb_section fb_built=&#8220;1&#8243; bg_img_1=&#8220;https:\/\/www.jl-store.de\/wp-content\/uploads\/2021\/06\/political-candidate-25.png&#8220; background_size_1=&#8220;initial&#8220; background_position_1=&#8220;top_right&#8220; background_repeat_1=&#8220;no-repeat&#8220; admin_label=&#8220;Header&#8220; _builder_version=&#8220;3.22&#8243; custom_margin=&#8220;||0px|&#8220; custom_padding=&#8220;0px||0px||true&#8220;][et_pb_row column_structure=&#8220;1_2,1_2&#8243; make_equal=&#8220;on&#8220; padding_top_bottom_link_2=&#8220;true&#8220; padding_left_right_link_2=&#8220;false&#8220; _builder_version=&#8220;4.9.3&#8243; width=&#8220;100%&#8220; max_width=&#8220;100%&#8220; custom_margin=&#8220;|auto|-9px|auto||&#8220; custom_padding=&#8220;0px||0px||true|&#8220; use_custom_width=&#8220;on&#8220; width_unit=&#8220;off&#8220; custom_width_percent=&#8220;100%&#8220;][et_pb_column type=&#8220;1_2&#8243; _builder_version=&#8220;4.9.3&#8243; background_image=&#8220;https:\/\/www.jl-store.de\/wp-content\/uploads\/2021\/06\/mpr_mkroskop.jpg&#8220; custom_padding=&#8220;|||&#8220; custom_padding__hover=&#8220;|||&#8220;][et_pb_image _builder_version=&#8220;3.23&#8243; always_center_on_mobile=&#8220;off&#8220;][\/et_pb_image][et_pb_divider show_divider=&#8220;off&#8220; _builder_version=&#8220;4.9.3&#8243; height=&#8220;200px&#8220;][\/et_pb_divider][\/et_pb_column][et_pb_column type=&#8220;1_2&#8243; _builder_version=&#8220;3.25&#8243; background_size=&#8220;initial&#8220; background_position=&#8220;top_right&#8220; custom_padding=&#8220;6vw|10%|6vw|&#8220; custom_padding_tablet=&#8220;|10%||10%||true&#8220; custom_padding_phone=&#8220;|||&#8220; custom_padding_last_edited=&#8220;on|desktop&#8220; padding_phone=&#8220;|||&#8220; padding_tablet=&#8220;|10%||10%||true&#8220; padding_last_edited=&#8220;on|desktop&#8220; custom_padding__hover=&#8220;|||&#8220;][et_pb_text _builder_version=&#8220;4.9.3&#8243; text_font=&#8220;||||||||&#8220; text_font_size=&#8220;16px&#8220; text_line_height=&#8220;2em&#8220; header_font=&#8220;Ubuntu|700|||||||&#8220; header_font_size=&#8220;60px&#8220; header_line_height=&#8220;1.4em&#8220; header_3_font=&#8220;Ubuntu||||||||&#8220; header_3_text_color=&#8220;#bb7860&#8243; header_3_line_height=&#8220;1.8em&#8220; max_width=&#8220;500px&#8220; custom_margin=&#8220;|||&#8220; custom_padding=&#8220;||0px|||&#8220; text_font_size_tablet=&#8220;&#8220; text_font_size_phone=&#8220;14px&#8220; text_font_size_last_edited=&#8220;on|desktop&#8220; header_font_size_tablet=&#8220;&#8220; header_font_size_phone=&#8220;32px&#8220; header_font_size_last_edited=&#8220;on|desktop&#8220;]<\/p>\n<h1>Pr\u00fcfen&#8230;..<\/h1>\n<h3>Manuell &amp; automatisch<\/h3>\n<ul>\n<li>Sicher<\/li>\n<li>zuverl\u00e4ssig<\/li>\n<li>nachweislich<\/li>\n<\/ul>\n<p>[\/et_pb_text][\/et_pb_column][\/et_pb_row][\/et_pb_section][et_pb_section fb_built=&#8220;1&#8243; next_background_color=&#8220;#ffffff&#8220; admin_label=&#8220;Mission&#8220; _builder_version=&#8220;3.22&#8243; background_color=&#8220;#f5f5f5&#8243; custom_margin=&#8220;6px|||||&#8220; custom_margin_tablet=&#8220;|0px||&#8220; custom_margin_last_edited=&#8220;off|desktop&#8220; custom_padding=&#8220;||10vw||false|false&#8220; top_divider_height=&#8220;14vw&#8220; top_divider_repeat=&#8220;0.5x&#8220; top_divider_flip=&#8220;horizontal&#8220; bottom_divider_style=&#8220;wave2&#8243; bottom_divider_height=&#8220;14vw&#8220; bottom_divider_repeat=&#8220;0.5x&#8220; bottom_divider_flip=&#8220;vertical&#8220;][et_pb_row _builder_version=&#8220;3.25&#8243;][et_pb_column type=&#8220;4_4&#8243; _builder_version=&#8220;3.25&#8243; custom_padding=&#8220;|||&#8220; custom_padding__hover=&#8220;|||&#8220;][et_pb_divider color=&#8220;#393e56&#8243; divider_position=&#8220;center&#8220; divider_weight=&#8220;3px&#8220; _builder_version=&#8220;3.14&#8243; max_width=&#8220;60px&#8220; module_alignment=&#8220;center&#8220; height=&#8220;3px&#8220; custom_margin=&#8220;||10px|&#8220; locked=&#8220;off&#8220;][\/et_pb_divider][et_pb_text _builder_version=&#8220;4.9.3&#8243; text_font=&#8220;||||||||&#8220; header_font=&#8220;||||||||&#8220; header_2_font=&#8220;Ubuntu|700|||||||&#8220; header_2_font_size=&#8220;42px&#8220; header_2_line_height=&#8220;1.2em&#8220; text_orientation=&#8220;center&#8220; header_2_font_size_tablet=&#8220;&#8220; header_2_font_size_phone=&#8220;28px&#8220; header_2_font_size_last_edited=&#8220;on|phone&#8220;]<\/p>\n<h2>Produktpr\u00fcfung und Endkontrolle<\/h2>\n<p>[\/et_pb_text][\/et_pb_column][\/et_pb_row][et_pb_row column_structure=&#8220;1_2,1_2&#8243; _builder_version=&#8220;3.25&#8243;][et_pb_column type=&#8220;1_2&#8243; _builder_version=&#8220;3.25&#8243; custom_padding=&#8220;|||&#8220; custom_padding__hover=&#8220;|||&#8220;][et_pb_image src=&#8220;https:\/\/www.jl-store.de\/wp-content\/uploads\/2021\/06\/Kladde.png&#8220; title_text=&#8220;Kladde&#8220; _builder_version=&#8220;4.9.3&#8243; _module_preset=&#8220;default&#8220;][\/et_pb_image][\/et_pb_column][et_pb_column type=&#8220;1_2&#8243; _builder_version=&#8220;3.25&#8243; custom_padding=&#8220;|||&#8220; custom_padding__hover=&#8220;|||&#8220;][et_pb_text _builder_version=&#8220;4.9.3&#8243; text_font=&#8220;||||||||&#8220; text_line_height=&#8220;2em&#8220; text_font_size_phone=&#8220;14px&#8220; text_font_size_last_edited=&#8220;off|desktop&#8220; locked=&#8220;off&#8220;]<\/p>\n<p>Bei unserer Endkontrolle \u00fcberpr\u00fcfen wir die Qualit\u00e4t Ihrer Produkte\u00a0<\/p>\n<p>auf:<\/p>\n<ul>\n<li>Optisches Aussehen<\/li>\n<li>Sichtare M\u00e4ngel<\/li>\n<li>Fehlerfreie Fertigung<\/li>\n<li>Ihre Produkte werden entweder automatisch zugef\u00fchrt\u00a0 und nach Ihren Vorgaben gepr\u00fcft.<br \/>z.B. Funktionen, Farbauftrag, Materialdichte usw.<\/li>\n<\/ul>\n<p>oder<\/p>\n<p>unser Mitarbeiter nimmt jedes Produkt manuell unter\u00a0 Augenschein \u2013 je nachdem wie Ihr Prozess aussieht. Fehlerhafte Produkte k\u00f6nnen so aussoiert werden.<\/p>\n<p>F\u00fcr gro\u00dfe Mengen k\u00f6nnen wir\u00a0 Stichprobenpr\u00fcfungen anbieten,<br \/>welche Ihnen eine zuverl\u00e4ssige Qualit\u00e4tssicherung garantieren<\/p>\n<p>Jedes Pr\u00fcfergebnis wird auf Wunsch dokumentiert. So k\u00f6nnen Sie bei Reklamationen ganz einfach nachweisen, dass das beanstandete Produkt fehlerfrei produziert wurde.<\/p>\n<p>[\/et_pb_text][\/et_pb_column][\/et_pb_row][\/et_pb_section]<\/p>\n","protected":false},"excerpt":{"rendered":"<p>[et_pb_section fb_built=&#8220;1&#8243; bg_img_1=&#8220;https:\/\/www.jl-store.de\/wp-content\/uploads\/2021\/06\/political-candidate-25.png&#8220; background_size_1=&#8220;initial&#8220; background_position_1=&#8220;top_right&#8220; background_repeat_1=&#8220;no-repeat&#8220; admin_label=&#8220;Header&#8220; _builder_version=&#8220;3.22&#8243; custom_margin=&#8220;||0px|&#8220; custom_padding=&#8220;0px||0px||true&#8220;][et_pb_row column_structure=&#8220;1_2,1_2&#8243; make_equal=&#8220;on&#8220; padding_top_bottom_link_2=&#8220;true&#8220; padding_left_right_link_2=&#8220;false&#8220; _builder_version=&#8220;4.9.3&#8243; width=&#8220;100%&#8220; max_width=&#8220;100%&#8220; custom_margin=&#8220;|auto|-9px|auto||&#8220; custom_padding=&#8220;0px||0px||true|&#8220; use_custom_width=&#8220;on&#8220; width_unit=&#8220;off&#8220; custom_width_percent=&#8220;100%&#8220;][et_pb_column type=&#8220;1_2&#8243; _builder_version=&#8220;4.9.3&#8243; background_image=&#8220;https:\/\/www.jl-store.de\/wp-content\/uploads\/2021\/06\/mpr_mkroskop.jpg&#8220; custom_padding=&#8220;|||&#8220; custom_padding__hover=&#8220;|||&#8220;][et_pb_image _builder_version=&#8220;3.23&#8243; always_center_on_mobile=&#8220;off&#8220;][\/et_pb_image][et_pb_divider show_divider=&#8220;off&#8220; _builder_version=&#8220;4.9.3&#8243; height=&#8220;200px&#8220;][\/et_pb_divider][\/et_pb_column][et_pb_column type=&#8220;1_2&#8243; _builder_version=&#8220;3.25&#8243; background_size=&#8220;initial&#8220; background_position=&#8220;top_right&#8220; custom_padding=&#8220;6vw|10%|6vw|&#8220; custom_padding_tablet=&#8220;|10%||10%||true&#8220; custom_padding_phone=&#8220;|||&#8220; custom_padding_last_edited=&#8220;on|desktop&#8220; padding_phone=&#8220;|||&#8220; padding_tablet=&#8220;|10%||10%||true&#8220; padding_last_edited=&#8220;on|desktop&#8220; custom_padding__hover=&#8220;|||&#8220;][et_pb_text _builder_version=&#8220;4.9.3&#8243; text_font=&#8220;||||||||&#8220; text_font_size=&#8220;16px&#8220; text_line_height=&#8220;2em&#8220; header_font=&#8220;Ubuntu|700|||||||&#8220; header_font_size=&#8220;60px&#8220; header_line_height=&#8220;1.4em&#8220; header_3_font=&#8220;Ubuntu||||||||&#8220; header_3_text_color=&#8220;#bb7860&#8243; header_3_line_height=&#8220;1.8em&#8220; max_width=&#8220;500px&#8220; [&hellip;]<\/p>\n","protected":false},"author":1,"featured_media":0,"parent":0,"menu_order":0,"comment_status":"closed","ping_status":"closed","template":"","meta":{"_et_pb_use_builder":"on","_et_pb_old_content":"","_et_gb_content_width":""},"_links":{"self":[{"href":"https:\/\/www.jl-store.de\/index.php?rest_route=\/wp\/v2\/pages\/779"}],"collection":[{"href":"https:\/\/www.jl-store.de\/index.php?rest_route=\/wp\/v2\/pages"}],"about":[{"href":"https:\/\/www.jl-store.de\/index.php?rest_route=\/wp\/v2\/types\/page"}],"author":[{"embeddable":true,"href":"https:\/\/www.jl-store.de\/index.php?rest_route=\/wp\/v2\/users\/1"}],"replies":[{"embeddable":true,"href":"https:\/\/www.jl-store.de\/index.php?rest_route=%2Fwp%2Fv2%2Fcomments&post=779"}],"version-history":[{"count":4,"href":"https:\/\/www.jl-store.de\/index.php?rest_route=\/wp\/v2\/pages\/779\/revisions"}],"predecessor-version":[{"id":794,"href":"https:\/\/www.jl-store.de\/index.php?rest_route=\/wp\/v2\/pages\/779\/revisions\/794"}],"wp:attachment":[{"href":"https:\/\/www.jl-store.de\/index.php?rest_route=%2Fwp%2Fv2%2Fmedia&parent=779"}],"curies":[{"name":"wp","href":"https:\/\/api.w.org\/{rel}","templated":true}]}}