{"id":742,"date":"2021-05-27T17:59:13","date_gmt":"2021-05-27T15:59:13","guid":{"rendered":"https:\/\/www.jl-store.de\/?page_id=742"},"modified":"2021-05-27T18:00:03","modified_gmt":"2021-05-27T16:00:03","slug":"konfektionierung","status":"publish","type":"page","link":"https:\/\/www.jl-store.de\/?page_id=742","title":{"rendered":"Konfektionierung"},"content":{"rendered":"<p>[et_pb_section fb_built=&#8220;1&#8243; fullwidth=&#8220;on&#8220; _builder_version=&#8220;4.9.3&#8243; _module_preset=&#8220;default&#8220; background_image=&#8220;https:\/\/www.jl-store.de\/wp-content\/uploads\/2021\/05\/Titel_Kofektionieren.jpg&#8220; background_blend=&#8220;multiply&#8220;][et_pb_fullwidth_header title=&#8220;Konfektionierung&#8220; _builder_version=&#8220;4.9.3&#8243; _module_preset=&#8220;default&#8220; title_font=&#8220;|||||on|||&#8220; title_text_color=&#8220;#E02B20&#8243; title_font_size=&#8220;38px&#8220; use_background_color_gradient=&#8220;on&#8220; background_color_gradient_end=&#8220;#ffffff&#8220; background_enable_image=&#8220;off&#8220; hover_enabled=&#8220;0&#8243; title_font_tablet=&#8220;&#8220; title_font_phone=&#8220;&#8220; title_font_last_edited=&#8220;on|phone&#8220; box_shadow_style_image=&#8220;preset1&#8243; sticky_enabled=&#8220;0&#8243;]<\/p>\n<h2>Aufteilung, L\u00e4ngeneinteilung oder Festlegung<\/h2>\n<p>[\/et_pb_fullwidth_header][\/et_pb_section][et_pb_section fb_built=&#8220;1&#8243; _builder_version=&#8220;4.9.3&#8243; _module_preset=&#8220;default&#8220; custom_padding=&#8220;0px|||||&#8220; hover_enabled=&#8220;0&#8243; width=&#8220;100%&#8220; sticky_enabled=&#8220;0&#8243;][et_pb_row _builder_version=&#8220;4.9.3&#8243; _module_preset=&#8220;default&#8220;][et_pb_column type=&#8220;4_4&#8243; _builder_version=&#8220;4.9.3&#8243; _module_preset=&#8220;default&#8220;][et_pb_text _builder_version=&#8220;4.9.3&#8243; _module_preset=&#8220;default&#8220; text_text_color=&#8220;#000000&#8243; text_line_height=&#8220;1.9em&#8220; header_5_font=&#8220;|||||on|||&#8220; header_5_font_size=&#8220;30px&#8220; header_6_font_size=&#8220;20px&#8220; background_color=&#8220;#FFFFFF&#8220; custom_margin=&#8220;0px||||false|false&#8220; custom_padding=&#8220;5px|10px|5px|10px|true|true&#8220; hover_enabled=&#8220;0&#8243; sticky_enabled=&#8220;0&#8243;]<\/p>\n<p>Als Konfektionieren bezeichnet man in der Produktion und Technik jegliche Art von Aufteilung, L\u00e4ngeneinteilung oder Festlegung anwendungsspezifischer Endst\u00fccke und Abmessungen. Die Person, die diese Arbeiten durchf\u00fchrt, hei\u00dft Konfektion\u00e4r. Der Begriff stammt aus der Textilindustrie. Konfektion\u00e4r bezeichnet dort den fertige Kleidung vertreibenden Unternehmer, vormals auch den Facharbeiter, der Muster entwickelt, den Zuschnitt \u00fcberwacht, bis hin zur Verpackung des fertigen Teils. Die Begriffe Konfektion und Konfektionsgr\u00f6\u00dfe beziehen sich \u00fcblicherweise auf Textilien. Konfektionieren wurde sp\u00e4ter auf ebensolche Arbeiten in anderen Industriebereichen \u00fcbertragen.<br \/>(Quelle: Wkipedia)<\/p>\n<p>[\/et_pb_text][\/et_pb_column][\/et_pb_row][et_pb_row _builder_version=&#8220;4.9.3&#8243; _module_preset=&#8220;default&#8220; column_structure=&#8220;1_4,1_4,1_4,1_4&#8243;][et_pb_column _builder_version=&#8220;4.9.3&#8243; _module_preset=&#8220;default&#8220; type=&#8220;1_4&#8243;][et_pb_image src=&#8220;https:\/\/www.jl-store.de\/wp-content\/uploads\/2021\/04\/kleinteile-1.jpg&#8220; _builder_version=&#8220;4.9.3&#8243; _module_preset=&#8220;default&#8220; title_text=&#8220;kleinteile&#8220; hover_enabled=&#8220;0&#8243; sticky_enabled=&#8220;0&#8243; width=&#8220;81%&#8220; module_alignment=&#8220;center&#8220;][\/et_pb_image][\/et_pb_column][et_pb_column _builder_version=&#8220;4.9.3&#8243; _module_preset=&#8220;default&#8220; type=&#8220;1_4&#8243;][et_pb_image src=&#8220;https:\/\/www.jl-store.de\/wp-content\/uploads\/2021\/05\/painting_illustration_04.png&#8220; _builder_version=&#8220;4.9.3&#8243; _module_preset=&#8220;default&#8220; title_text=&#8220;painting_illustration_04&#8243; hover_enabled=&#8220;0&#8243; sticky_enabled=&#8220;0&#8243; width=&#8220;80%&#8220; module_alignment=&#8220;center&#8220;][\/et_pb_image][\/et_pb_column][et_pb_column _builder_version=&#8220;4.9.3&#8243; _module_preset=&#8220;default&#8220; type=&#8220;1_4&#8243;][et_pb_image src=&#8220;https:\/\/www.jl-store.de\/wp-content\/uploads\/2021\/05\/Verpacken-1.jpg&#8220; _builder_version=&#8220;4.9.3&#8243; _module_preset=&#8220;default&#8220; title_text=&#8220;Verpacken&#8220; hover_enabled=&#8220;0&#8243; sticky_enabled=&#8220;0&#8243; width=&#8220;77%&#8220; module_alignment=&#8220;center&#8220;][\/et_pb_image][\/et_pb_column][et_pb_column _builder_version=&#8220;4.9.3&#8243; _module_preset=&#8220;default&#8220; type=&#8220;1_4&#8243;][et_pb_image src=&#8220;https:\/\/www.jl-store.de\/wp-content\/uploads\/2021\/04\/boutique_49-1.jpg&#8220; _builder_version=&#8220;4.9.3&#8243; _module_preset=&#8220;default&#8220; title_text=&#8220;boutique_49-1&#8243; hover_enabled=&#8220;0&#8243; sticky_enabled=&#8220;0&#8243; width=&#8220;79%&#8220; module_alignment=&#8220;center&#8220;][\/et_pb_image][\/et_pb_column][\/et_pb_row][et_pb_row _builder_version=&#8220;4.9.3&#8243; _module_preset=&#8220;default&#8220;][et_pb_column _builder_version=&#8220;4.9.3&#8243; _module_preset=&#8220;default&#8220; type=&#8220;4_4&#8243;][et_pb_text _builder_version=&#8220;4.9.3&#8243; _module_preset=&#8220;default&#8220; hover_enabled=&#8220;0&#8243; sticky_enabled=&#8220;0&#8243;]<\/p>\n<h2 id=\"kommissionierung-und-warenausgang\">Leistungen:<\/h2>\n<ul>\n<li>Zuschnitt von Kabeln (elektrisches Kabel oder Lichtwellenleiter)<\/li>\n<li>Anbringen von Steckverbindern<\/li>\n<li>Verpackung von Kleinteilen<\/li>\n<li>Ausf\u00fchrung der Verpackungsart<\/li>\n<li>Rolle, B\u00fcndel bei Kabeln und Seilen,<\/li>\n<li>tape &amp; reel bei elektronischen Bauteilen,<\/li>\n<li>Blisterverpackung und Schachtel<\/li>\n<\/ul>\n<p>[\/et_pb_text][\/et_pb_column][\/et_pb_row][\/et_pb_section]<\/p>\n","protected":false},"excerpt":{"rendered":"<p>[et_pb_section fb_built=&#8220;1&#8243; fullwidth=&#8220;on&#8220; _builder_version=&#8220;4.9.3&#8243; _module_preset=&#8220;default&#8220; background_image=&#8220;https:\/\/www.jl-store.de\/wp-content\/uploads\/2021\/05\/Titel_Kofektionieren.jpg&#8220; background_blend=&#8220;multiply&#8220;][et_pb_fullwidth_header title=&#8220;Konfektionierung&#8220; _builder_version=&#8220;4.9.3&#8243; _module_preset=&#8220;default&#8220; title_font=&#8220;|||||on|||&#8220; title_text_color=&#8220;#E02B20&#8243; title_font_size=&#8220;38px&#8220; use_background_color_gradient=&#8220;on&#8220; background_color_gradient_end=&#8220;#ffffff&#8220; background_enable_image=&#8220;off&#8220; hover_enabled=&#8220;0&#8243; title_font_tablet=&#8220;&#8220; title_font_phone=&#8220;&#8220; title_font_last_edited=&#8220;on|phone&#8220; box_shadow_style_image=&#8220;preset1&#8243; sticky_enabled=&#8220;0&#8243;] Aufteilung, L\u00e4ngeneinteilung oder Festlegung [\/et_pb_fullwidth_header][\/et_pb_section][et_pb_section fb_built=&#8220;1&#8243; _builder_version=&#8220;4.9.3&#8243; _module_preset=&#8220;default&#8220; custom_padding=&#8220;0px|||||&#8220; hover_enabled=&#8220;0&#8243; width=&#8220;100%&#8220; sticky_enabled=&#8220;0&#8243;][et_pb_row _builder_version=&#8220;4.9.3&#8243; _module_preset=&#8220;default&#8220;][et_pb_column type=&#8220;4_4&#8243; _builder_version=&#8220;4.9.3&#8243; _module_preset=&#8220;default&#8220;][et_pb_text _builder_version=&#8220;4.9.3&#8243; _module_preset=&#8220;default&#8220; text_text_color=&#8220;#000000&#8243; text_line_height=&#8220;1.9em&#8220; header_5_font=&#8220;|||||on|||&#8220; header_5_font_size=&#8220;30px&#8220; header_6_font_size=&#8220;20px&#8220; background_color=&#8220;#FFFFFF&#8220; custom_margin=&#8220;0px||||false|false&#8220; custom_padding=&#8220;5px|10px|5px|10px|true|true&#8220; hover_enabled=&#8220;0&#8243; sticky_enabled=&#8220;0&#8243;] Als Konfektionieren bezeichnet man [&hellip;]<\/p>\n","protected":false},"author":1,"featured_media":0,"parent":0,"menu_order":0,"comment_status":"closed","ping_status":"closed","template":"","meta":{"_et_pb_use_builder":"on","_et_pb_old_content":"","_et_gb_content_width":""},"_links":{"self":[{"href":"https:\/\/www.jl-store.de\/index.php?rest_route=\/wp\/v2\/pages\/742"}],"collection":[{"href":"https:\/\/www.jl-store.de\/index.php?rest_route=\/wp\/v2\/pages"}],"about":[{"href":"https:\/\/www.jl-store.de\/index.php?rest_route=\/wp\/v2\/types\/page"}],"author":[{"embeddable":true,"href":"https:\/\/www.jl-store.de\/index.php?rest_route=\/wp\/v2\/users\/1"}],"replies":[{"embeddable":true,"href":"https:\/\/www.jl-store.de\/index.php?rest_route=%2Fwp%2Fv2%2Fcomments&post=742"}],"version-history":[{"count":5,"href":"https:\/\/www.jl-store.de\/index.php?rest_route=\/wp\/v2\/pages\/742\/revisions"}],"predecessor-version":[{"id":751,"href":"https:\/\/www.jl-store.de\/index.php?rest_route=\/wp\/v2\/pages\/742\/revisions\/751"}],"wp:attachment":[{"href":"https:\/\/www.jl-store.de\/index.php?rest_route=%2Fwp%2Fv2%2Fmedia&parent=742"}],"curies":[{"name":"wp","href":"https:\/\/api.w.org\/{rel}","templated":true}]}}