{"id":6,"date":"2021-04-06T08:55:00","date_gmt":"2021-04-06T06:55:00","guid":{"rendered":"https:\/\/www.jl-store.de\/?page_id=6"},"modified":"2021-10-13T16:38:34","modified_gmt":"2021-10-13T14:38:34","slug":"home","status":"publish","type":"page","link":"https:\/\/www.jl-store.de\/","title":{"rendered":"Home"},"content":{"rendered":"<p>[et_pb_section fb_built=&#8220;1&#8243; bg_img_1=&#8220;https:\/\/www.jl-store.de\/wp-content\/uploads\/2021\/06\/political-candidate-25.png&#8220; background_size_1=&#8220;initial&#8220; background_position_1=&#8220;top_right&#8220; background_repeat_1=&#8220;no-repeat&#8220; admin_label=&#8220;Header&#8220; _builder_version=&#8220;4.9.3&#8243; custom_margin=&#8220;||0px|&#8220; custom_padding=&#8220;0px||0px||true&#8220; bottom_divider_height=&#8220;148px&#8220;][et_pb_row column_structure=&#8220;1_2,1_2&#8243; make_equal=&#8220;on&#8220; padding_top_bottom_link_2=&#8220;true&#8220; padding_left_right_link_2=&#8220;false&#8220; _builder_version=&#8220;4.9.3&#8243; width=&#8220;100%&#8220; max_width=&#8220;100%&#8220; custom_margin=&#8220;|auto|-9px|auto||&#8220; custom_padding=&#8220;6px||6px||true|&#8220; use_custom_width=&#8220;on&#8220; width_unit=&#8220;off&#8220; custom_width_percent=&#8220;100%&#8220;][et_pb_column type=&#8220;1_2&#8243; _builder_version=&#8220;4.9.3&#8243; background_image=&#8220;https:\/\/www.jl-store.de\/wp-content\/uploads\/2021\/04\/Kommissionierer.jpg&#8220; custom_padding=&#8220;|||&#8220; custom_padding__hover=&#8220;|||&#8220;][et_pb_image _builder_version=&#8220;3.23&#8243; always_center_on_mobile=&#8220;off&#8220;][\/et_pb_image][et_pb_divider show_divider=&#8220;off&#8220; _builder_version=&#8220;4.9.3&#8243; height=&#8220;200px&#8220;][\/et_pb_divider][\/et_pb_column][et_pb_column type=&#8220;1_2&#8243; _builder_version=&#8220;4.9.3&#8243; background_color=&#8220;RGBA(0,0,0,0)&#8220; background_enable_image=&#8220;off&#8220; background_position=&#8220;top_right&#8220; custom_padding=&#8220;6vw|10%|6vw|&#8220; custom_padding_tablet=&#8220;|10%||10%||true&#8220; custom_padding_phone=&#8220;|||&#8220; custom_padding_last_edited=&#8220;on|desktop&#8220; padding_phone=&#8220;|||&#8220; padding_tablet=&#8220;|10%||10%||true&#8220; padding_last_edited=&#8220;on|desktop&#8220; custom_padding__hover=&#8220;|||&#8220;][et_pb_image src=&#8220;https:\/\/www.jl-store.de\/wp-content\/uploads\/2021\/04\/JL_Logo_lang.png&#8220; title_text=&#8220;JL_Logo_lang&#8220; _builder_version=&#8220;4.9.3&#8243; _module_preset=&#8220;default&#8220; custom_margin=&#8220;-71px||4px|||&#8220; custom_padding=&#8220;35px|||||&#8220;][\/et_pb_image][et_pb_text _builder_version=&#8220;4.9.3&#8243; _module_preset=&#8220;default&#8220; header_text_align=&#8220;center&#8220; header_text_color=&#8220;#E02B20&#8243; header_font_size=&#8220;36px&#8220;]<\/p>\n<h1>Ihr Produkt ist unser Auftrag<\/h1>\n<p>[\/et_pb_text][\/et_pb_column][\/et_pb_row][\/et_pb_section][et_pb_section fb_built=&#8220;1&#8243; module_id=&#8220;material-carousel&#8220; _builder_version=&#8220;4.9.3&#8243; background_color=&#8220;#D6D6D6&#8243; background_image=&#8220;https:\/\/www.jl-store.de\/wp-content\/uploads\/2021\/06\/images.jpg&#8220; parallax=&#8220;on&#8220; custom_padding=&#8220;10px||0px|||&#8220;][et_pb_row _builder_version=&#8220;4.9.3&#8243; _module_preset=&#8220;default&#8220; custom_padding=&#8220;0px|||||&#8220;][et_pb_column type=&#8220;4_4&#8243; _builder_version=&#8220;4.9.3&#8243; _module_preset=&#8220;default&#8220;][et_pb_text _builder_version=&#8220;4.9.3&#8243; text_font=&#8220;||||||||&#8220; text_font_size=&#8220;16px&#8220; text_line_height=&#8220;1.8em&#8220; header_font=&#8220;||||||||&#8220; background_color=&#8220;#FFFFFF&#8220; custom_margin=&#8220;14px||14px||true|false&#8220; custom_padding=&#8220;18px||18px||true|&#8220; animation_style=&#8220;zoom&#8220; animation_direction=&#8220;left&#8220; animation_delay=&#8220;100ms&#8220; animation_intensity_zoom=&#8220;10%&#8220; border_radii=&#8220;on|12px|12px|12px|12px&#8220; border_width_all=&#8220;3px&#8220; border_color_all=&#8220;#0C71C3&#8243; border_color_all__hover_enabled=&#8220;on|desktop&#8220;]<\/p>\n<p style=\"text-align: center;\"><span data-mce-mark=\"1\">Wir bieten<\/span><span>\u00a0Ihnen professionelle Dienstleistungen im Bereich der Handarbeit an. Wir fokussieren unsere T\u00e4tigkeiten insbesondere auf die von Hand gefertigte Komplettierung von Werbeartikeln und Produkten. In unserer langj\u00e4hrigen Gesch\u00e4ftst\u00e4tigkeit konnten wir wertvolle Erfahrungen mit Gro\u00dfauftr\u00e4gen sammeln.<\/span><\/p>\n<p>[\/et_pb_text][\/et_pb_column][\/et_pb_row][et_pb_row column_structure=&#8220;1_4,1_4,1_4,1_4&#8243; _builder_version=&#8220;4.9.3&#8243; _module_preset=&#8220;default&#8220;][et_pb_column type=&#8220;1_4&#8243; _builder_version=&#8220;4.9.3&#8243; _module_preset=&#8220;default&#8220;][et_pb_blurb title=&#8220;Musterbau&#8220; url=&#8220;@ET-DC@eyJkeW5hbWljIjp0cnVlLCJjb250ZW50IjoicG9zdF9saW5rX3VybF9wYWdlIiwic2V0dGluZ3MiOnsicG9zdF9pZCI6IjYwMCJ9fQ==@&#8220; use_icon=&#8220;on&#8220; font_icon=&#8220;%%102%%&#8220; _builder_version=&#8220;4.9.3&#8243; _dynamic_attributes=&#8220;url&#8220; _module_preset=&#8220;default&#8220; text_orientation=&#8220;center&#8220;][\/et_pb_blurb][\/et_pb_column][et_pb_column type=&#8220;1_4&#8243; _builder_version=&#8220;4.9.3&#8243; _module_preset=&#8220;default&#8220;][et_pb_blurb title=&#8220;Kommisionierung&#8220; use_icon=&#8220;on&#8220; font_icon=&#8220;%%49%%&#8220; _builder_version=&#8220;4.9.3&#8243; _module_preset=&#8220;default&#8220; text_orientation=&#8220;center&#8220; hover_enabled=&#8220;0&#8243; sticky_enabled=&#8220;0&#8243; link_option_url=&#8220;@ET-DC@eyJkeW5hbWljIjp0cnVlLCJjb250ZW50IjoicG9zdF9saW5rX3VybF9wYWdlIiwic2V0dGluZ3MiOnsicG9zdF9pZCI6IjY1NSJ9fQ==@&#8220; _dynamic_attributes=&#8220;link_option_url&#8220;][\/et_pb_blurb][\/et_pb_column][et_pb_column type=&#8220;1_4&#8243; _builder_version=&#8220;4.9.3&#8243; _module_preset=&#8220;default&#8220;][et_pb_blurb title=&#8220;Konfektionierung&#8220; use_icon=&#8220;on&#8220; font_icon=&#8220;%%136%%&#8220; _builder_version=&#8220;4.9.3&#8243; _module_preset=&#8220;default&#8220; text_orientation=&#8220;center&#8220;][\/et_pb_blurb][\/et_pb_column][et_pb_column type=&#8220;1_4&#8243; _builder_version=&#8220;4.9.3&#8243; _module_preset=&#8220;default&#8220;][et_pb_blurb title=&#8220;Lohnarbeiten&#8220; use_icon=&#8220;on&#8220; font_icon=&#8220;%%379%%&#8220; _builder_version=&#8220;4.9.3&#8243; _module_preset=&#8220;default&#8220; text_orientation=&#8220;center&#8220;][\/et_pb_blurb][\/et_pb_column][\/et_pb_row][et_pb_row _builder_version=&#8220;4.9.3&#8243; _module_preset=&#8220;default&#8220;][et_pb_column type=&#8220;4_4&#8243; _builder_version=&#8220;4.9.3&#8243; _module_preset=&#8220;default&#8220;][et_pb_divider _builder_version=&#8220;4.9.3&#8243; _module_preset=&#8220;default&#8220;][\/et_pb_divider][\/et_pb_column][\/et_pb_row][et_pb_row _builder_version=&#8220;4.9.3&#8243; _module_preset=&#8220;default&#8220;][et_pb_column type=&#8220;4_4&#8243; _builder_version=&#8220;4.9.3&#8243; _module_preset=&#8220;default&#8220;][et_pb_text _builder_version=&#8220;4.9.3&#8243; _module_preset=&#8220;default&#8220;]<\/p>\n<h2 style=\"text-align: center;\">Bearbeiten von Kleinteilen<\/h2>\n<p>[\/et_pb_text][\/et_pb_column][\/et_pb_row][et_pb_row column_structure=&#8220;1_3,1_3,1_3&#8243; _builder_version=&#8220;4.9.3&#8243; _module_preset=&#8220;default&#8220;][et_pb_column type=&#8220;1_3&#8243; _builder_version=&#8220;4.9.3&#8243; _module_preset=&#8220;default&#8220;][et_pb_blurb title=&#8220;Fertigen&#8220; image=&#8220;https:\/\/www.jl-store.de\/wp-content\/uploads\/2021\/05\/KleinteileFertigung.jpg&#8220; image_max_width=&#8220;69%&#8220; content_max_width=&#8220;57%&#8220; _builder_version=&#8220;4.9.3&#8243; _module_preset=&#8220;default&#8220; text_orientation=&#8220;center&#8220; border_radii_image=&#8220;on|180px|180px|180px|180px&#8220;][\/et_pb_blurb][\/et_pb_column][et_pb_column type=&#8220;1_3&#8243; _builder_version=&#8220;4.9.3&#8243; _module_preset=&#8220;default&#8220;][et_pb_blurb title=&#8220;Pr\u00fcfen&#8220; image=&#8220;https:\/\/www.jl-store.de\/wp-content\/uploads\/2021\/05\/KleinteileFertigung.jpg&#8220; image_max_width=&#8220;69%&#8220; content_max_width=&#8220;57%&#8220; _builder_version=&#8220;4.9.3&#8243; _module_preset=&#8220;default&#8220; text_orientation=&#8220;center&#8220; border_radii_image=&#8220;on|180px|180px|180px|180px&#8220;][\/et_pb_blurb][\/et_pb_column][et_pb_column type=&#8220;1_3&#8243; _builder_version=&#8220;4.9.3&#8243; _module_preset=&#8220;default&#8220;][et_pb_blurb title=&#8220;\u00dcberarbeiten&#8220; image=&#8220;https:\/\/www.jl-store.de\/wp-content\/uploads\/2021\/05\/KleinteileFertigung.jpg&#8220; image_max_width=&#8220;69%&#8220; content_max_width=&#8220;57%&#8220; _builder_version=&#8220;4.9.3&#8243; _module_preset=&#8220;default&#8220; text_orientation=&#8220;center&#8220; border_radii_image=&#8220;on|180px|180px|180px|180px&#8220;][\/et_pb_blurb][\/et_pb_column][\/et_pb_row][\/et_pb_section][et_pb_section fb_built=&#8220;1&#8243; fullwidth=&#8220;on&#8220; _builder_version=&#8220;4.9.3&#8243; _module_preset=&#8220;default&#8220;][et_pb_fullwidth_code _builder_version=&#8220;4.9.3&#8243; _module_preset=&#8220;default&#8220;]<iframe src=\"https:\/\/www.google.com\/maps\/embed?pb=!1m18!1m12!1m3!1d11290.717244553918!2d11.861591945766412!3d49.552317968946845!2m3!1f0!2f0!3f0!3m2!1i1024!2i768!4f13.1!3m3!1m2!1s0x47a02d7586cf7d75%3A0x2ad1feb930a64aa8!2sAtzmannsricht%2036%2C%2092274%20Gebenbach!5e0!3m2!1sde!2sde!4v1623402937823!5m2!1sde!2sde\" width=\"100%\" height=\"450\" style=\"border:0;\" allowfullscreen=\"\" loading=\"lazy\"><\/iframe>[\/et_pb_fullwidth_code][\/et_pb_section][et_pb_section fb_built=&#8220;1&#8243; admin_label=&#8220;Footer&#8220; _builder_version=&#8220;4.9.3&#8243; background_color=&#8220;#d3dae4&#8243; custom_margin=&#8220;0px|0px|0px|0px|false|false&#8220; custom_margin_tablet=&#8220;&#8220; custom_margin_phone=&#8220;0px|0px|0px|0px&#8220; custom_margin_last_edited=&#8220;on|phone&#8220; custom_padding=&#8220;0px|0px|0px|0px|false|false&#8220; collapsed=&#8220;off&#8220;][et_pb_row column_structure=&#8220;1_3,1_3,1_3&#8243; _builder_version=&#8220;3.25&#8243;][et_pb_column type=&#8220;1_3&#8243; _builder_version=&#8220;3.25&#8243; custom_padding=&#8220;40px|||&#8220; custom_padding__hover=&#8220;|||&#8220;][et_pb_text admin_label=&#8220;Title&#8220; _builder_version=&#8220;4.6.2&#8243; text_font=&#8220;||||||||&#8220; header_font=&#8220;||||||||&#8220; header_2_font=&#8220;||||||||&#8220; header_4_font=&#8220;Roboto|700||on|||||&#8220; header_4_letter_spacing=&#8220;1px&#8220; header_4_line_height=&#8220;1.4em&#8220; custom_margin=&#8220;||10px|&#8220; custom_padding=&#8220;|||&#8220; animation_style=&#8220;fade&#8220;]<\/p>\n<h4>Besuchen Sie uns<\/h4>\n<p>[\/et_pb_text][et_pb_divider color=&#8220;#ffb500&#8243; divider_weight=&#8220;2px&#8220; disabled_on=&#8220;on|on|off&#8220; _builder_version=&#8220;3.2&#8243; max_width=&#8220;50px&#8220; animation_style=&#8220;fade&#8220;][\/et_pb_divider][et_pb_text _builder_version=&#8220;4.9.3&#8243; text_font=&#8220;||||||||&#8220; text_font_size=&#8220;16px&#8220; text_line_height=&#8220;1.8em&#8220; custom_margin=&#8220;-30px|||&#8220; animation_style=&#8220;fade&#8220;]<\/p>\n<p>Atzmannsricht<\/p>\n<p>D-92274 Gebenbach<\/p>\n<p>[\/et_pb_text][\/et_pb_column][et_pb_column type=&#8220;1_3&#8243; _builder_version=&#8220;3.25&#8243; custom_padding=&#8220;40px|||&#8220; custom_padding__hover=&#8220;|||&#8220;][et_pb_text admin_label=&#8220;Title&#8220; _builder_version=&#8220;4.9.3&#8243; text_font=&#8220;||||||||&#8220; header_font=&#8220;||||||||&#8220; header_2_font=&#8220;||||||||&#8220; header_4_font=&#8220;Roboto|700||on|||||&#8220; header_4_letter_spacing=&#8220;1px&#8220; header_4_line_height=&#8220;1.4em&#8220; custom_margin=&#8220;||10px|&#8220; custom_padding=&#8220;|||&#8220; animation_style=&#8220;fade&#8220;]<\/p>\n<h4>Unsere \u00d6ffnungszeiten<\/h4>\n<p>[\/et_pb_text][et_pb_divider color=&#8220;#ffb500&#8243; divider_weight=&#8220;2px&#8220; disabled_on=&#8220;off|off|off&#8220; _builder_version=&#8220;3.2&#8243; max_width=&#8220;50px&#8220; animation_style=&#8220;fade&#8220; locked=&#8220;off&#8220;][\/et_pb_divider][et_pb_text _builder_version=&#8220;4.9.3&#8243; text_font=&#8220;||||||||&#8220; text_font_size=&#8220;16px&#8220; text_line_height=&#8220;1.8em&#8220; custom_margin=&#8220;-30px|||&#8220; animation_style=&#8220;fade&#8220; locked=&#8220;off&#8220;]<\/p>\n<p>Mo-Fr: 8:00 &#8211; 16:00Uhr<\/p>\n<p>[\/et_pb_text][\/et_pb_column][et_pb_column type=&#8220;1_3&#8243; _builder_version=&#8220;3.25&#8243; custom_padding=&#8220;|||&#8220; custom_padding__hover=&#8220;|||&#8220;][et_pb_text _builder_version=&#8220;4.9.3&#8243; _module_preset=&#8220;default&#8220;][\/et_pb_text][\/et_pb_column][\/et_pb_row][et_pb_row _builder_version=&#8220;4.9.3&#8243; _module_preset=&#8220;default&#8220;][et_pb_column type=&#8220;4_4&#8243; _builder_version=&#8220;4.9.3&#8243; _module_preset=&#8220;default&#8220;][et_pb_image src=&#8220;https:\/\/www.jl-store.de\/wp-content\/uploads\/2021\/05\/verpacken-1.png&#8220; title_text=&#8220;verpacken&#8220; _builder_version=&#8220;4.9.3&#8243; _module_preset=&#8220;default&#8220;][\/et_pb_image][\/et_pb_column][\/et_pb_row][\/et_pb_section]<\/p>\n","protected":false},"excerpt":{"rendered":"<p>[et_pb_section fb_built=&#8220;1&#8243; bg_img_1=&#8220;https:\/\/www.jl-store.de\/wp-content\/uploads\/2021\/06\/political-candidate-25.png&#8220; background_size_1=&#8220;initial&#8220; background_position_1=&#8220;top_right&#8220; background_repeat_1=&#8220;no-repeat&#8220; admin_label=&#8220;Header&#8220; _builder_version=&#8220;4.9.3&#8243; custom_margin=&#8220;||0px|&#8220; custom_padding=&#8220;0px||0px||true&#8220; bottom_divider_height=&#8220;148px&#8220;][et_pb_row column_structure=&#8220;1_2,1_2&#8243; make_equal=&#8220;on&#8220; padding_top_bottom_link_2=&#8220;true&#8220; padding_left_right_link_2=&#8220;false&#8220; _builder_version=&#8220;4.9.3&#8243; width=&#8220;100%&#8220; max_width=&#8220;100%&#8220; custom_margin=&#8220;|auto|-9px|auto||&#8220; custom_padding=&#8220;6px||6px||true|&#8220; use_custom_width=&#8220;on&#8220; width_unit=&#8220;off&#8220; custom_width_percent=&#8220;100%&#8220;][et_pb_column type=&#8220;1_2&#8243; _builder_version=&#8220;4.9.3&#8243; background_image=&#8220;https:\/\/www.jl-store.de\/wp-content\/uploads\/2021\/04\/Kommissionierer.jpg&#8220; custom_padding=&#8220;|||&#8220; custom_padding__hover=&#8220;|||&#8220;][et_pb_image _builder_version=&#8220;3.23&#8243; always_center_on_mobile=&#8220;off&#8220;][\/et_pb_image][et_pb_divider show_divider=&#8220;off&#8220; _builder_version=&#8220;4.9.3&#8243; height=&#8220;200px&#8220;][\/et_pb_divider][\/et_pb_column][et_pb_column type=&#8220;1_2&#8243; _builder_version=&#8220;4.9.3&#8243; background_color=&#8220;RGBA(0,0,0,0)&#8220; background_enable_image=&#8220;off&#8220; background_position=&#8220;top_right&#8220; custom_padding=&#8220;6vw|10%|6vw|&#8220; custom_padding_tablet=&#8220;|10%||10%||true&#8220; custom_padding_phone=&#8220;|||&#8220; custom_padding_last_edited=&#8220;on|desktop&#8220; padding_phone=&#8220;|||&#8220; padding_tablet=&#8220;|10%||10%||true&#8220; padding_last_edited=&#8220;on|desktop&#8220; custom_padding__hover=&#8220;|||&#8220;][et_pb_image src=&#8220;https:\/\/www.jl-store.de\/wp-content\/uploads\/2021\/04\/JL_Logo_lang.png&#8220; title_text=&#8220;JL_Logo_lang&#8220; _builder_version=&#8220;4.9.3&#8243; _module_preset=&#8220;default&#8220; custom_margin=&#8220;-71px||4px|||&#8220; custom_padding=&#8220;35px|||||&#8220;][\/et_pb_image][et_pb_text _builder_version=&#8220;4.9.3&#8243; _module_preset=&#8220;default&#8220; header_text_align=&#8220;center&#8220; [&hellip;]<\/p>\n","protected":false},"author":1,"featured_media":0,"parent":0,"menu_order":0,"comment_status":"closed","ping_status":"closed","template":"","meta":{"_et_pb_use_builder":"on","_et_pb_old_content":"","_et_gb_content_width":""},"_links":{"self":[{"href":"https:\/\/www.jl-store.de\/index.php?rest_route=\/wp\/v2\/pages\/6"}],"collection":[{"href":"https:\/\/www.jl-store.de\/index.php?rest_route=\/wp\/v2\/pages"}],"about":[{"href":"https:\/\/www.jl-store.de\/index.php?rest_route=\/wp\/v2\/types\/page"}],"author":[{"embeddable":true,"href":"https:\/\/www.jl-store.de\/index.php?rest_route=\/wp\/v2\/users\/1"}],"replies":[{"embeddable":true,"href":"https:\/\/www.jl-store.de\/index.php?rest_route=%2Fwp%2Fv2%2Fcomments&post=6"}],"version-history":[{"count":44,"href":"https:\/\/www.jl-store.de\/index.php?rest_route=\/wp\/v2\/pages\/6\/revisions"}],"predecessor-version":[{"id":821,"href":"https:\/\/www.jl-store.de\/index.php?rest_route=\/wp\/v2\/pages\/6\/revisions\/821"}],"wp:attachment":[{"href":"https:\/\/www.jl-store.de\/index.php?rest_route=%2Fwp%2Fv2%2Fmedia&parent=6"}],"curies":[{"name":"wp","href":"https:\/\/api.w.org\/{rel}","templated":true}]}}